{"id":3,"date":"2020-05-05T21:34:23","date_gmt":"2020-05-05T19:34:23","guid":{"rendered":"http:\/\/modellbahnhof-gruenberg.de\/?page_id=3"},"modified":"2020-05-07T23:08:05","modified_gmt":"2020-05-07T21:08:05","slug":"datenschutzerklaerung","status":"publish","type":"page","link":"https:\/\/modellbahnhof-gruenberg.de\/?page_id=3","title":{"rendered":"Datenschutzerkl\u00e4rung"},"content":{"rendered":"\n<h2 class=\"wp-block-heading\">Wer wir sind<\/h2>\n\n\n\n<p class=\"wp-block-paragraph\">Die Adresse unserer Website ist: https:\/\/modellbahnhof-gruenberg.de.<\/p>\n\n\n\n<h2 class=\"wp-block-heading\">Welche personenbezogenen Daten wir sammeln und warum wir sie sammeln<\/h2>\n\n\n\n<h3 class=\"wp-block-heading\">Kommentare<\/h3>\n\n\n\n<p class=\"wp-block-paragraph\">Kommentare sind deaktiviert.<\/p>\n\n\n\n<h3 class=\"wp-block-heading\">Medien<\/h3>\n\n\n\n<p class=\"wp-block-paragraph\">Ausschlie\u00dflich manuell angelegte Redakteursnutzer k\u00f6nnen Medien einstellen.<\/p>\n\n\n\n<h3 class=\"wp-block-heading\">Kontaktformulare<\/h3>\n\n\n\n<p class=\"wp-block-paragraph\">Es gibt kein Kontaktformular. Eventuell gesendete Mails werden unverschl\u00fcsselt \u00fcbertragen.<\/p>\n\n\n\n<h3 class=\"wp-block-heading\">Cookies<\/h3>\n\n\n\n<p class=\"wp-block-paragraph\">Bei angemeldeten Nutzern werden Cookies gespeichert.<\/p>\n\n\n\n<h3 class=\"wp-block-heading\">Eingebettete Inhalte von anderen Websites<\/h3>\n\n\n\n<p class=\"wp-block-paragraph\">Beitr\u00e4ge auf dieser Website k\u00f6nnen eingebettete Inhalte beinhalten (z.&nbsp;B. Videos, Bilder, Beitr\u00e4ge etc.). Eingebettete Inhalte von anderen Websites verhalten sich exakt so, als ob der Besucher die andere Website besucht h\u00e4tte.<\/p>\n\n\n\n<p class=\"wp-block-paragraph\">Diese Websites k\u00f6nnen Daten \u00fcber dich sammeln, Cookies benutzen, zus\u00e4tzliche Tracking-Dienste von Dritten einbetten und deine Interaktion mit diesem eingebetteten Inhalt aufzeichnen, inklusive deiner Interaktion mit dem eingebetteten Inhalt, falls du ein Konto hast und auf dieser Website angemeldet bist.<\/p>\n\n\n\n<h3 class=\"wp-block-heading\">Analysedienste<\/h3>\n\n\n\n<p class=\"wp-block-paragraph\">Es wird keine externe Zugriffsstatistik erstellt. Die Logdaten des Servers werden auf dem Server selbst mit Hilfe von AWStats ausgewertet. Zugriff darauf haben nur die Redakteure der  Site.<\/p>\n\n\n\n<h2 class=\"wp-block-heading\">Mit wem wir deine Daten teilen<\/h2>\n\n\n\n<p class=\"wp-block-paragraph\">Es werden keine Daten geteilt oder weitergegeben.<\/p>\n\n\n\n<h2 class=\"wp-block-heading\">Wie lange wir deine Daten speichern<\/h2>\n\n\n\n<p class=\"wp-block-paragraph\">Die Logfiles des Webservers werden maximal eine Woche lang aufbewahrt, dann fallen sie durch die Log-Rotation weg.<\/p>\n\n\n\n<h2 class=\"wp-block-heading\">Welche Rechte du an deinen Daten hast<\/h2>\n\n\n\n<p class=\"wp-block-paragraph\">Wenn du ein Konto auf dieser Website besitzt oder Kommentare geschrieben hast, kannst du einen Export deiner personenbezogenen Daten bei uns anfordern, inklusive aller Daten, die du uns mitgeteilt hast. Dar\u00fcber hinaus kannst du die L\u00f6schung aller personenbezogenen Daten, die wir von dir gespeichert haben, anfordern. Dies umfasst nicht die Daten, die wir aufgrund administrativer, rechtlicher oder sicherheitsrelevanter Notwendigkeiten aufbewahren m\u00fcssen.<\/p>\n\n\n\n<h2 class=\"wp-block-heading\">Wohin wir deine Daten senden<\/h2>\n\n\n\n<p class=\"wp-block-paragraph\">Es werden keine Daten irgendwohin gesendet.<\/p>\n\n\n\n<h2 class=\"wp-block-heading\">Deine Kontakt-Informationen<\/h2>\n\n\n\n<h2 class=\"wp-block-heading\">Weitere Informationen<\/h2>\n\n\n\n<h3 class=\"wp-block-heading\">Wie wir deine Daten sch\u00fctzen<\/h3>\n\n\n\n<h3 class=\"wp-block-heading\">Welche Ma\u00dfnahmen wir bei Datenschutzverletzungen anbieten<\/h3>\n\n\n\n<h3 class=\"wp-block-heading\">Von welchen Drittanbietern wir Daten erhalten<\/h3>\n\n\n\n<h3 class=\"wp-block-heading\">Welche automatisierte Entscheidungsfindung und\/oder Profilerstellung wir mit Benutzerdaten durchf\u00fchren<\/h3>\n\n\n\n<h3 class=\"wp-block-heading\">Vorausgesetzte Offenlegungspflichten der Industrie<\/h3>\n","protected":false},"excerpt":{"rendered":"<p>Wer wir sind Die Adresse unserer Website ist: https:\/\/modellbahnhof-gruenberg.de. Welche personenbezogenen Daten wir sammeln und warum wir sie sammeln Kommentare Kommentare sind deaktiviert. Medien Ausschlie\u00dflich manuell angelegte Redakteursnutzer k\u00f6nnen Medien einstellen. Kontaktformulare Es gibt kein Kontaktformular. Eventuell gesendete Mails werden unverschl\u00fcsselt \u00fcbertragen. Cookies Bei angemeldeten Nutzern werden Cookies gespeichert. Eingebettete Inhalte von anderen Websites Beitr\u00e4ge &hellip; <a href=\"https:\/\/modellbahnhof-gruenberg.de\/?page_id=3\" class=\"more-link\"><span class=\"screen-reader-text\">\u201eDatenschutzerkl\u00e4rung\u201c <\/span>weiterlesen<\/a><\/p>\n","protected":false},"author":1,"featured_media":0,"parent":0,"menu_order":0,"comment_status":"closed","ping_status":"open","template":"","meta":{"_crdt_document":"","ngg_post_thumbnail":0,"footnotes":""},"class_list":["post-3","page","type-page","status-publish","hentry"],"_links":{"self":[{"href":"https:\/\/modellbahnhof-gruenberg.de\/index.php?rest_route=\/wp\/v2\/pages\/3","targetHints":{"allow":["GET"]}}],"collection":[{"href":"https:\/\/modellbahnhof-gruenberg.de\/index.php?rest_route=\/wp\/v2\/pages"}],"about":[{"href":"https:\/\/modellbahnhof-gruenberg.de\/index.php?rest_route=\/wp\/v2\/types\/page"}],"author":[{"embeddable":true,"href":"https:\/\/modellbahnhof-gruenberg.de\/index.php?rest_route=\/wp\/v2\/users\/1"}],"replies":[{"embeddable":true,"href":"https:\/\/modellbahnhof-gruenberg.de\/index.php?rest_route=%2Fwp%2Fv2%2Fcomments&post=3"}],"version-history":[{"count":1,"href":"https:\/\/modellbahnhof-gruenberg.de\/index.php?rest_route=\/wp\/v2\/pages\/3\/revisions"}],"predecessor-version":[{"id":33,"href":"https:\/\/modellbahnhof-gruenberg.de\/index.php?rest_route=\/wp\/v2\/pages\/3\/revisions\/33"}],"wp:attachment":[{"href":"https:\/\/modellbahnhof-gruenberg.de\/index.php?rest_route=%2Fwp%2Fv2%2Fmedia&parent=3"}],"curies":[{"name":"wp","href":"https:\/\/api.w.org\/{rel}","templated":true}]}}